{"id":151,"date":"2018-11-04T13:13:12","date_gmt":"2018-11-04T12:13:12","guid":{"rendered":"https:\/\/web.top-soccer.de\/?page_id=151"},"modified":"2025-01-24T09:30:04","modified_gmt":"2025-01-24T08:30:04","slug":"kidszone","status":"publish","type":"page","link":"https:\/\/web.top-soccer.de\/?page_id=151","title":{"rendered":"Kindergeburtstag"},"content":{"rendered":"<div>\n<div>\n<div>\n<hr \/>\n<p><strong>Das sch\u00f6nste Geschenk? Nat\u00fcrlich eine Fussball-Geburtstagsparty!<\/strong><\/p>\n<div><\/div>\n<\/div>\n<div>\n<div>Das sch\u00f6nste Geschenk? Nat\u00fcrlich eine Fussball-Geburtstagsparty!<\/div>\n<div><\/div>\n<div>Unsere Allroundpakete beinhalten Fussballvergn\u00fcgen auf einem unserer 2 Soccer-Courts mit Kuchen, Essen und Getr\u00e4nken sowie die Erinnerung an ein unvergessliches Erlebnis.<\/div>\n<div><\/div>\n<div>Kindergeburtstag 09.00 \u2013 18.00 Uhr und Wochenende<\/div>\n<div><\/div>\n<div>Die Pakete\/Preise ab 01.01.2025:<\/div>\n<div><\/div>\n<div><\/div>\n<div>\n<div><strong>Basis \u00a0 \u00a0 \u00a0 \u00a0 139,- \u20ac bis 10 Kinder (jedes weitere \u20ac 10,00) maximal 14 Kinder<\/strong><\/div>\n<div><\/div>\n<ul>\n<li>60 Min. Fu\u00dfball<\/li>\n<li>Fitness-Getr\u00e4nke unbegrenzt<\/li>\n<li>Essen<\/li>\n<\/ul>\n<div><\/div>\n<div><strong>Medium \u00a0 \u00a0 \u00a0 179,- \u20ac bis 10 Kinder (jedes weitere \u20ac 10,00) maximal 14 Kinder<\/strong><\/div>\n<div><\/div>\n<ul>\n<li>90 Min. Fu\u00dfball<\/li>\n<li>Fitness-Getr\u00e4nke unbegrenzt<\/li>\n<li>Kuchen + Essen<\/li>\n<\/ul>\n<div><\/div>\n<div><strong>Premium \u00a0 \u00a0 \u00a0 199,- \u20ac bis 10 Kinder (jedes weitere \u20ac 10,00) maximal 14 Kinder<\/strong><\/div>\n<div><\/div>\n<ul>\n<li>120 Min. Fu\u00dfball<\/li>\n<li>Fitness-Getr\u00e4nke unbegrenzt<\/li>\n<li>Kuchen + Essen<\/li>\n<li>Tisch-Kicker<\/li>\n<\/ul>\n<div><\/div>\n<\/div>\n<div>Die Preise gelten inklusive Bereitstellung von Ball und farbigen Mannschaftsleibchen.<\/div>\n<div>F\u00fcr Vereine, Firmen, Betriebssportgruppen und Schulen bieten wir attraktive Konditionen.<\/div>\n<div>Unsere Mitarbeiter informieren Sie gern.<\/div>\n<div><\/div>\n<div>Bitte beachten Sie, da\u00df EC-Kartenzahlung bei uns nicht m\u00f6glich ist!<\/div>\n<\/div>\n<\/div>\n<\/div>\n<div><\/div>\n<div>Die Preise gelten inklusive Bereitstellung von Ball und farbigen Mannschaftsleibchen.<\/div>\n<div>F\u00fcr Vereine, Firmen, Betriebssportgruppen und Schulen bieten wir attraktive Konditionen.<\/div>\n<div>Unsere Mitarbeiter informieren Sie gern.<\/div>\n<div><\/div>\n<div>Bitte beachten Sie, da\u00df EC-Kartenzahlung bei uns nicht m\u00f6glich ist!<\/div>\n","protected":false},"excerpt":{"rendered":"<p>Das sch\u00f6nste Geschenk? Nat\u00fcrlich eine Fussball-Geburtstagsparty! Das sch\u00f6nste Geschenk? Nat\u00fcrlich eine Fussball-Geburtstagsparty! Unsere Allroundpakete beinhalten Fussballvergn\u00fcgen auf einem unserer 2<\/p>\n","protected":false},"author":95,"featured_media":0,"parent":0,"menu_order":0,"comment_status":"closed","ping_status":"open","template":"","meta":{"colormag_page_container_layout":"default_layout","colormag_page_sidebar_layout":"default_layout","footnotes":""},"class_list":["post-151","page","type-page","status-publish","hentry"],"_links":{"self":[{"href":"https:\/\/web.top-soccer.de\/index.php?rest_route=\/wp\/v2\/pages\/151","targetHints":{"allow":["GET"]}}],"collection":[{"href":"https:\/\/web.top-soccer.de\/index.php?rest_route=\/wp\/v2\/pages"}],"about":[{"href":"https:\/\/web.top-soccer.de\/index.php?rest_route=\/wp\/v2\/types\/page"}],"author":[{"embeddable":true,"href":"https:\/\/web.top-soccer.de\/index.php?rest_route=\/wp\/v2\/users\/95"}],"replies":[{"embeddable":true,"href":"https:\/\/web.top-soccer.de\/index.php?rest_route=%2Fwp%2Fv2%2Fcomments&post=151"}],"version-history":[{"count":17,"href":"https:\/\/web.top-soccer.de\/index.php?rest_route=\/wp\/v2\/pages\/151\/revisions"}],"predecessor-version":[{"id":223,"href":"https:\/\/web.top-soccer.de\/index.php?rest_route=\/wp\/v2\/pages\/151\/revisions\/223"}],"wp:attachment":[{"href":"https:\/\/web.top-soccer.de\/index.php?rest_route=%2Fwp%2Fv2%2Fmedia&parent=151"}],"curies":[{"name":"wp","href":"https:\/\/api.w.org\/{rel}","templated":true}]}}